{"id":75,"date":"2020-09-17T07:29:35","date_gmt":"2020-09-17T07:29:35","guid":{"rendered":"https:\/\/mecanitzatsmacavi.com\/index.php\/about\/"},"modified":"2021-12-31T17:56:04","modified_gmt":"2021-12-31T15:56:04","slug":"about","status":"publish","type":"page","link":"https:\/\/mecanitzatsmacavi.com\/index.php\/about\/","title":{"rendered":"Qui som?"},"content":{"rendered":"\n<div class=\"wp-block-cover alignfull has-background-dim-90 has-ast-global-color-2-background-color has-background-dim is-position-center-center\" style=\"min-height:230px;aspect-ratio:unset;\"><img loading=\"lazy\" decoding=\"async\" width=\"1144\" height=\"760\" class=\"wp-block-cover__image-background wp-image-257\" alt=\"\" src=\"http:\/\/mecanitzatsmacavi.com\/wp-content\/uploads\/2021\/12\/2.jpg\" style=\"object-position:17% 15%\" data-object-fit=\"cover\" data-object-position=\"17% 15%\" srcset=\"https:\/\/mecanitzatsmacavi.com\/wp-content\/uploads\/2021\/12\/2.jpg 1144w, https:\/\/mecanitzatsmacavi.com\/wp-content\/uploads\/2021\/12\/2-300x199.jpg 300w, https:\/\/mecanitzatsmacavi.com\/wp-content\/uploads\/2021\/12\/2-1024x680.jpg 1024w, https:\/\/mecanitzatsmacavi.com\/wp-content\/uploads\/2021\/12\/2-768x510.jpg 768w\" sizes=\"auto, (max-width: 1144px) 100vw, 1144px\" \/><div class=\"wp-block-cover__inner-container is-layout-flow wp-block-cover-is-layout-flow\">\n<div style=\"height:150px\" aria-hidden=\"true\" class=\"wp-block-spacer\"><\/div>\n\n\n\n<div class=\"wp-block-columns alignwide are-vertically-aligned-center is-layout-flex wp-container-core-columns-is-layout-28f84493 wp-block-columns-is-layout-flex\">\n<div class=\"wp-block-column is-vertically-aligned-center is-layout-flow wp-block-column-is-layout-flow\">\n<h1 class=\"has-white-color has-text-color wp-block-heading\">Qui som?<\/h1>\n\n\n\n<p><\/p>\n<\/div>\n<\/div>\n<\/div><\/div>\n\n\n\n<div class=\"wp-block-group alignfull has-ast-global-color-5-background-color has-background is-layout-flow wp-block-group-is-layout-flow\">\n<div class=\"wp-block-columns alignwide is-layout-flex wp-container-core-columns-is-layout-28f84493 wp-block-columns-is-layout-flex\">\n<div class=\"wp-block-column is-layout-flow wp-block-column-is-layout-flow\" style=\"flex-basis:33.33%\">\n<p><\/p>\n\n\n\n<h2 class=\"alignfull has-text-align-center wp-block-heading\">Som una empresa amb iniciativa<\/h2>\n<\/div>\n\n\n\n<div class=\"wp-block-column is-layout-flow wp-block-column-is-layout-flow\" style=\"flex-basis:66.66%\">\n<p>Som una empresa situada al municipi de Sant Hilari Sacalm. Ens dediquem a tot tipus de mecanitzats, soldadures, muntatges i manteniments. <\/p>\n\n\n\n<p>Tamb\u00e9 fem feines a particulars: portes de garatge, baranes, valles, portes de xemeneia, etc.<\/p>\n\n\n\n<p>Vam obrir l&#8217;any 2009 i, tot i ser una empresa jove, estem especialitzats en el sector i tenim molta experi\u00e8ncia. Les nostres ganes de treballar i la feina ben feta ens ajuda a seguir creixent cada dia.<\/p>\n<\/div>\n<\/div>\n\n\n\n<div class=\"wp-block-cover alignwide has-ast-global-color-2-background-color has-background-dim has-custom-content-position is-position-bottom-center\" style=\"min-height:359px;aspect-ratio:unset;\"><img loading=\"lazy\" decoding=\"async\" width=\"1920\" height=\"1080\" class=\"wp-block-cover__image-background wp-image-246\" alt=\"\" src=\"https:\/\/mecanitzatsmacavi.com\/wp-content\/uploads\/2021\/12\/1.jpg\" data-object-fit=\"cover\" srcset=\"https:\/\/mecanitzatsmacavi.com\/wp-content\/uploads\/2021\/12\/1.jpg 1920w, https:\/\/mecanitzatsmacavi.com\/wp-content\/uploads\/2021\/12\/1-300x169.jpg 300w, https:\/\/mecanitzatsmacavi.com\/wp-content\/uploads\/2021\/12\/1-1024x576.jpg 1024w, https:\/\/mecanitzatsmacavi.com\/wp-content\/uploads\/2021\/12\/1-768x432.jpg 768w, https:\/\/mecanitzatsmacavi.com\/wp-content\/uploads\/2021\/12\/1-1536x864.jpg 1536w\" sizes=\"auto, (max-width: 1920px) 100vw, 1920px\" \/><div class=\"wp-block-cover__inner-container is-layout-flow wp-block-cover-is-layout-flow\">\n<div class=\"wp-block-group alignfull is-layout-flow wp-block-group-is-layout-flow\">\n<p><\/p>\n<\/div>\n<\/div><\/div>\n<\/div>\n\n\n\n<div class=\"wp-block-group alignfull has-ast-global-color-2-background-color has-background is-layout-flow wp-block-group-is-layout-flow\">\n<div class=\"wp-block-columns is-layout-flex wp-container-core-columns-is-layout-28f84493 wp-block-columns-is-layout-flex\">\n<div class=\"wp-block-column is-layout-flow wp-block-column-is-layout-flow\" style=\"flex-basis:33.33%\">\n<p><\/p>\n\n\n\n<p><\/p>\n\n\n\n<h2 class=\"has-text-align-center has-white-color has-text-color wp-block-heading\">Socis fundadors<\/h2>\n\n\n\n<p><\/p>\n\n\n\n<p><\/p>\n<\/div>\n\n\n\n<div class=\"wp-block-column is-layout-flow wp-block-column-is-layout-flow\" style=\"flex-basis:66.66%\">\n<p class=\"has-cyan-bluish-gray-color has-text-color\"><strong><span class=\"has-inline-color has-ast-global-color-4-color\">Salvador Casanovas<\/span><\/strong><\/p>\n\n\n\n<p class=\"has-cyan-bluish-gray-color has-text-color\"><span class=\"has-inline-color has-ast-global-color-4-color\">El &#8220;manetes&#8221; de l&#8217;empresa. Tan fa qu\u00e8 li demanis, sempre t\u00e9 una soluci\u00f3 per tot. Compta amb m\u00e9s de 40 anys d&#8217;experi\u00e8ncia a la Font Vella, Vildrau i molts m\u00e9s llocs. Torner, fressador i soldador.<\/span><\/p>\n\n\n\n<p><strong><span class=\"has-inline-color has-ast-global-color-4-color\">David Mayorgas<\/span><\/strong><\/p>\n\n\n\n<p><span class=\"has-inline-color has-ast-global-color-4-color\">Especialitzat en manteniments, muntatges i soldadura. Diversos viatges arreu del m\u00f3n amb l&#8217;empresa Fibosa per realitzar muntatges.<\/span><\/p>\n<\/div>\n<\/div>\n<\/div>\n\n\n\n<div class=\"wp-block-group alignfull has-ast-global-color-5-background-color has-background is-layout-flow wp-block-group-is-layout-flow\">\n<div class=\"wp-block-columns alignwide is-layout-flex wp-container-core-columns-is-layout-28f84493 wp-block-columns-is-layout-flex\">\n<div class=\"wp-block-column is-layout-flow wp-block-column-is-layout-flow\">\n<p><\/p>\n\n\n\n<p><\/p>\n\n\n\n<h2 class=\"has-text-align-center wp-block-heading\">Per qu\u00e8 triar-nos?<\/h2>\n\n\n\n<p><\/p>\n<\/div>\n\n\n\n<div class=\"wp-block-column is-layout-flow wp-block-column-is-layout-flow\">\n<p class=\"has-ast-global-color-2-color has-text-color\" style=\"font-size:18px\">Aquestes empreses, entre moltes altres, han confiat amb nosaltres. A qu\u00e8 esperes per trucar-nos?<\/p>\n\n\n\n<div class=\"wp-block-image\"><figure class=\"aligncenter size-large is-resized\"><img loading=\"lazy\" decoding=\"async\" src=\"https:\/\/mecanitzatsmacavi.com\/wp-content\/uploads\/2021\/12\/client2-1024x519.jpg\" alt=\"\" class=\"wp-image-239\" width=\"164\" height=\"83\" srcset=\"https:\/\/mecanitzatsmacavi.com\/wp-content\/uploads\/2021\/12\/client2-1024x519.jpg 1024w, https:\/\/mecanitzatsmacavi.com\/wp-content\/uploads\/2021\/12\/client2-300x152.jpg 300w, https:\/\/mecanitzatsmacavi.com\/wp-content\/uploads\/2021\/12\/client2-768x389.jpg 768w, https:\/\/mecanitzatsmacavi.com\/wp-content\/uploads\/2021\/12\/client2.jpg 1181w\" sizes=\"auto, (max-width: 164px) 100vw, 164px\" \/><\/figure><\/div>\n\n\n\n<div class=\"wp-block-image is-style-default\"><figure class=\"alignright size-full is-resized\"><img loading=\"lazy\" decoding=\"async\" src=\"https:\/\/mecanitzatsmacavi.com\/wp-content\/uploads\/2021\/12\/client1.jpg\" alt=\"\" class=\"wp-image-238\" width=\"146\" height=\"101\"\/><\/figure><\/div>\n\n\n\n<div class=\"wp-block-image\"><figure class=\"alignleft size-large is-resized\"><img loading=\"lazy\" decoding=\"async\" src=\"https:\/\/mecanitzatsmacavi.com\/wp-content\/uploads\/2021\/12\/client4-1024x443.png\" alt=\"\" class=\"wp-image-241\" width=\"143\" height=\"61\" srcset=\"https:\/\/mecanitzatsmacavi.com\/wp-content\/uploads\/2021\/12\/client4-1024x443.png 1024w, https:\/\/mecanitzatsmacavi.com\/wp-content\/uploads\/2021\/12\/client4-300x130.png 300w, https:\/\/mecanitzatsmacavi.com\/wp-content\/uploads\/2021\/12\/client4-768x333.png 768w, https:\/\/mecanitzatsmacavi.com\/wp-content\/uploads\/2021\/12\/client4.png 1330w\" sizes=\"auto, (max-width: 143px) 100vw, 143px\" \/><\/figure><\/div>\n<\/div>\n\n\n\n<div class=\"wp-block-column is-vertically-aligned-bottom is-layout-flow wp-block-column-is-layout-flow\">\n<div class=\"wp-block-group is-layout-flow wp-block-group-is-layout-flow\">\n<figure class=\"wp-block-image size-full is-resized\"><img loading=\"lazy\" decoding=\"async\" src=\"https:\/\/mecanitzatsmacavi.com\/wp-content\/uploads\/2021\/12\/client3.jpg\" alt=\"\" class=\"wp-image-240\" width=\"151\" height=\"116\" srcset=\"https:\/\/mecanitzatsmacavi.com\/wp-content\/uploads\/2021\/12\/client3.jpg 800w, https:\/\/mecanitzatsmacavi.com\/wp-content\/uploads\/2021\/12\/client3-300x230.jpg 300w, https:\/\/mecanitzatsmacavi.com\/wp-content\/uploads\/2021\/12\/client3-768x588.jpg 768w\" sizes=\"auto, (max-width: 151px) 100vw, 151px\" \/><\/figure>\n<\/div>\n\n\n\n<div class=\"wp-block-group is-layout-flow wp-block-group-is-layout-flow\">\n<figure class=\"wp-block-image size-full is-resized\"><img loading=\"lazy\" decoding=\"async\" src=\"https:\/\/mecanitzatsmacavi.com\/wp-content\/uploads\/2021\/12\/client5.png\" alt=\"\" class=\"wp-image-242\" width=\"152\" height=\"56\"\/><\/figure>\n<\/div>\n<\/div>\n<\/div>\n<\/div>\n\n\n\n<p><\/p>\n","protected":false},"excerpt":{"rendered":"<p>Som una empresa amb iniciativa Som una empresa situada al municipi de Sant Hilari Sacalm. Ens dediquem a tot tipus de mecanitzats, soldadures, muntatges i manteniments. Tamb\u00e9 fem feines a particulars: portes de garatge, baranes, valles, portes de xemeneia, etc. Vam obrir l&#8217;any 2009 i, tot i ser una empresa jove, estem especialitzats en el [&hellip;]<\/p>\n","protected":false},"author":1,"featured_media":0,"parent":0,"menu_order":0,"comment_status":"closed","ping_status":"closed","template":"","meta":{"_monsterinsights_skip_tracking":false,"_monsterinsights_sitenote_active":false,"_monsterinsights_sitenote_note":"","_monsterinsights_sitenote_category":0,"site-sidebar-layout":"no-sidebar","site-content-layout":"plain-container","ast-site-content-layout":"default","site-content-style":"default","site-sidebar-style":"default","ast-global-header-display":"","ast-banner-title-visibility":"","ast-main-header-display":"","ast-hfb-above-header-display":"","ast-hfb-below-header-display":"","ast-hfb-mobile-header-display":"","site-post-title":"disabled","ast-breadcrumbs-content":"","ast-featured-img":"","footer-sml-layout":"","ast-disable-related-posts":"","theme-transparent-header-meta":"enabled","adv-header-id-meta":"","stick-header-meta":"","header-above-stick-meta":"","header-main-stick-meta":"","header-below-stick-meta":"","astra-migrate-meta-layouts":"default","ast-page-background-enabled":"default","ast-page-background-meta":{"desktop":{"background-color":"","background-image":"","background-repeat":"repeat","background-position":"center center","background-size":"auto","background-attachment":"scroll","background-type":"","background-media":"","overlay-type":"","overlay-color":"","overlay-opacity":"","overlay-gradient":""},"tablet":{"background-color":"","background-image":"","background-repeat":"repeat","background-position":"center center","background-size":"auto","background-attachment":"scroll","background-type":"","background-media":"","overlay-type":"","overlay-color":"","overlay-opacity":"","overlay-gradient":""},"mobile":{"background-color":"","background-image":"","background-repeat":"repeat","background-position":"center center","background-size":"auto","background-attachment":"scroll","background-type":"","background-media":"","overlay-type":"","overlay-color":"","overlay-opacity":"","overlay-gradient":""}},"ast-content-background-meta":{"desktop":{"background-color":"var(--ast-global-color-5)","background-image":"","background-repeat":"repeat","background-position":"center center","background-size":"auto","background-attachment":"scroll","background-type":"","background-media":"","overlay-type":"","overlay-color":"","overlay-opacity":"","overlay-gradient":""},"tablet":{"background-color":"var(--ast-global-color-5)","background-image":"","background-repeat":"repeat","background-position":"center center","background-size":"auto","background-attachment":"scroll","background-type":"","background-media":"","overlay-type":"","overlay-color":"","overlay-opacity":"","overlay-gradient":""},"mobile":{"background-color":"var(--ast-global-color-5)","background-image":"","background-repeat":"repeat","background-position":"center center","background-size":"auto","background-attachment":"scroll","background-type":"","background-media":"","overlay-type":"","overlay-color":"","overlay-opacity":"","overlay-gradient":""}},"footnotes":""},"class_list":["post-75","page","type-page","status-publish","hentry"],"uagb_featured_image_src":{"full":false,"thumbnail":false,"medium":false,"medium_large":false,"large":false,"1536x1536":false,"2048x2048":false},"uagb_author_info":{"display_name":"didac.casanovas","author_link":"https:\/\/mecanitzatsmacavi.com\/index.php\/author\/didac-casanovas\/"},"uagb_comment_info":0,"uagb_excerpt":"Som una empresa amb iniciativa Som una empresa situada al municipi de Sant Hilari Sacalm. Ens dediquem a tot tipus de mecanitzats, soldadures, muntatges i manteniments. Tamb\u00e9 fem feines a particulars: portes de garatge, baranes, valles, portes de xemeneia, etc. Vam obrir l&#8217;any 2009 i, tot i ser una empresa jove, estem especialitzats en el&hellip;","_links":{"self":[{"href":"https:\/\/mecanitzatsmacavi.com\/index.php\/wp-json\/wp\/v2\/pages\/75","targetHints":{"allow":["GET"]}}],"collection":[{"href":"https:\/\/mecanitzatsmacavi.com\/index.php\/wp-json\/wp\/v2\/pages"}],"about":[{"href":"https:\/\/mecanitzatsmacavi.com\/index.php\/wp-json\/wp\/v2\/types\/page"}],"author":[{"embeddable":true,"href":"https:\/\/mecanitzatsmacavi.com\/index.php\/wp-json\/wp\/v2\/users\/1"}],"replies":[{"embeddable":true,"href":"https:\/\/mecanitzatsmacavi.com\/index.php\/wp-json\/wp\/v2\/comments?post=75"}],"version-history":[{"count":7,"href":"https:\/\/mecanitzatsmacavi.com\/index.php\/wp-json\/wp\/v2\/pages\/75\/revisions"}],"predecessor-version":[{"id":295,"href":"https:\/\/mecanitzatsmacavi.com\/index.php\/wp-json\/wp\/v2\/pages\/75\/revisions\/295"}],"wp:attachment":[{"href":"https:\/\/mecanitzatsmacavi.com\/index.php\/wp-json\/wp\/v2\/media?parent=75"}],"curies":[{"name":"wp","href":"https:\/\/api.w.org\/{rel}","templated":true}]}}