{"id":80,"date":"2020-09-17T07:27:51","date_gmt":"2020-09-17T07:27:51","guid":{"rendered":"https:\/\/mecanitzatsmacavi.com\/index.php\/home\/"},"modified":"2021-12-31T18:52:11","modified_gmt":"2021-12-31T16:52:11","slug":"home","status":"publish","type":"page","link":"https:\/\/mecanitzatsmacavi.com\/","title":{"rendered":"Inici"},"content":{"rendered":"\n<div class=\"wp-block-cover alignfull has-background-dim-90 has-ast-global-color-2-background-color has-background-dim is-position-center-center\" style=\"min-height:978px;aspect-ratio:unset;\"><img loading=\"lazy\" decoding=\"async\" width=\"1920\" height=\"1080\" class=\"wp-block-cover__image-background wp-image-246\" alt=\"\" src=\"http:\/\/mecanitzatsmacavi.com\/wp-content\/uploads\/2021\/12\/1.jpg\" data-object-fit=\"cover\" srcset=\"https:\/\/mecanitzatsmacavi.com\/wp-content\/uploads\/2021\/12\/1.jpg 1920w, https:\/\/mecanitzatsmacavi.com\/wp-content\/uploads\/2021\/12\/1-300x169.jpg 300w, https:\/\/mecanitzatsmacavi.com\/wp-content\/uploads\/2021\/12\/1-1024x576.jpg 1024w, https:\/\/mecanitzatsmacavi.com\/wp-content\/uploads\/2021\/12\/1-768x432.jpg 768w, https:\/\/mecanitzatsmacavi.com\/wp-content\/uploads\/2021\/12\/1-1536x864.jpg 1536w\" sizes=\"auto, (max-width: 1920px) 100vw, 1920px\" \/><div class=\"wp-block-cover__inner-container is-layout-flow wp-block-cover-is-layout-flow\">\n<div class=\"wp-block-columns alignwide are-vertically-aligned-center has-white-color has-text-color is-layout-flex wp-container-core-columns-is-layout-28f84493 wp-block-columns-is-layout-flex\">\n<div class=\"wp-block-column is-vertically-aligned-center is-layout-flow wp-block-column-is-layout-flow\" style=\"flex-basis:60%\">\n<h6 class=\"has-white-color has-text-color wp-block-heading\">MecanitzATS, SOLDADURES, MANTENIMENTS I MUNTATGES<\/h6>\n\n\n\n<h1 class=\"has-white-color has-text-color wp-block-heading\">m\u00c9S DE 40 ANYS D&#8217;EXPERI\u00c8NCIA<\/h1>\n\n\n\n<p class=\"has-text-color\" style=\"color:#d8dbe1\">Els nostres serveis van molt m\u00e9s enll\u00e0 d&#8217;empreses, si ets un particular, potser tenim el que busques, nom\u00e9s has de contactar amb nosaltres. Podeu veure les nostres feines fent click aqu\u00ed: <a href=\"https:\/\/mecanitzatsmacavi.com\/index.php\/services\/\">Qu\u00e8 fem?<\/a><\/p>\n\n\n\n<hr class=\"wp-block-separator has-text-color has-background has-ast-global-color-3-background-color has-ast-global-color-3-color is-style-wide\"\/>\n\n\n\n<p><\/p>\n<\/div>\n<\/div>\n<\/div><\/div>\n\n\n\n<p><\/p>\n","protected":false},"excerpt":{"rendered":"","protected":false},"author":1,"featured_media":0,"parent":0,"menu_order":0,"comment_status":"closed","ping_status":"closed","template":"","meta":{"_monsterinsights_skip_tracking":false,"_monsterinsights_sitenote_active":false,"_monsterinsights_sitenote_note":"","_monsterinsights_sitenote_category":0,"site-sidebar-layout":"no-sidebar","site-content-layout":"plain-container","ast-site-content-layout":"default","site-content-style":"default","site-sidebar-style":"default","ast-global-header-display":"","ast-banner-title-visibility":"","ast-main-header-display":"","ast-hfb-above-header-display":"","ast-hfb-below-header-display":"","ast-hfb-mobile-header-display":"","site-post-title":"disabled","ast-breadcrumbs-content":"","ast-featured-img":"","footer-sml-layout":"","ast-disable-related-posts":"","theme-transparent-header-meta":"enabled","adv-header-id-meta":"","stick-header-meta":"","header-above-stick-meta":"","header-main-stick-meta":"","header-below-stick-meta":"","astra-migrate-meta-layouts":"default","ast-page-background-enabled":"default","ast-page-background-meta":{"desktop":{"background-color":"","background-image":"","background-repeat":"repeat","background-position":"center center","background-size":"auto","background-attachment":"scroll","background-type":"","background-media":"","overlay-type":"","overlay-color":"","overlay-opacity":"","overlay-gradient":""},"tablet":{"background-color":"","background-image":"","background-repeat":"repeat","background-position":"center center","background-size":"auto","background-attachment":"scroll","background-type":"","background-media":"","overlay-type":"","overlay-color":"","overlay-opacity":"","overlay-gradient":""},"mobile":{"background-color":"","background-image":"","background-repeat":"repeat","background-position":"center center","background-size":"auto","background-attachment":"scroll","background-type":"","background-media":"","overlay-type":"","overlay-color":"","overlay-opacity":"","overlay-gradient":""}},"ast-content-background-meta":{"desktop":{"background-color":"var(--ast-global-color-5)","background-image":"","background-repeat":"repeat","background-position":"center center","background-size":"auto","background-attachment":"scroll","background-type":"","background-media":"","overlay-type":"","overlay-color":"","overlay-opacity":"","overlay-gradient":""},"tablet":{"background-color":"var(--ast-global-color-5)","background-image":"","background-repeat":"repeat","background-position":"center center","background-size":"auto","background-attachment":"scroll","background-type":"","background-media":"","overlay-type":"","overlay-color":"","overlay-opacity":"","overlay-gradient":""},"mobile":{"background-color":"var(--ast-global-color-5)","background-image":"","background-repeat":"repeat","background-position":"center center","background-size":"auto","background-attachment":"scroll","background-type":"","background-media":"","overlay-type":"","overlay-color":"","overlay-opacity":"","overlay-gradient":""}},"footnotes":""},"class_list":["post-80","page","type-page","status-publish","hentry"],"uagb_featured_image_src":{"full":false,"thumbnail":false,"medium":false,"medium_large":false,"large":false,"1536x1536":false,"2048x2048":false},"uagb_author_info":{"display_name":"didac.casanovas","author_link":"https:\/\/mecanitzatsmacavi.com\/index.php\/author\/didac-casanovas\/"},"uagb_comment_info":0,"uagb_excerpt":null,"_links":{"self":[{"href":"https:\/\/mecanitzatsmacavi.com\/index.php\/wp-json\/wp\/v2\/pages\/80","targetHints":{"allow":["GET"]}}],"collection":[{"href":"https:\/\/mecanitzatsmacavi.com\/index.php\/wp-json\/wp\/v2\/pages"}],"about":[{"href":"https:\/\/mecanitzatsmacavi.com\/index.php\/wp-json\/wp\/v2\/types\/page"}],"author":[{"embeddable":true,"href":"https:\/\/mecanitzatsmacavi.com\/index.php\/wp-json\/wp\/v2\/users\/1"}],"replies":[{"embeddable":true,"href":"https:\/\/mecanitzatsmacavi.com\/index.php\/wp-json\/wp\/v2\/comments?post=80"}],"version-history":[{"count":17,"href":"https:\/\/mecanitzatsmacavi.com\/index.php\/wp-json\/wp\/v2\/pages\/80\/revisions"}],"predecessor-version":[{"id":333,"href":"https:\/\/mecanitzatsmacavi.com\/index.php\/wp-json\/wp\/v2\/pages\/80\/revisions\/333"}],"wp:attachment":[{"href":"https:\/\/mecanitzatsmacavi.com\/index.php\/wp-json\/wp\/v2\/media?parent=80"}],"curies":[{"name":"wp","href":"https:\/\/api.w.org\/{rel}","templated":true}]}}